{"id":113,"date":"2009-04-22T16:34:08","date_gmt":"2009-04-22T15:34:08","guid":{"rendered":"http:\/\/dream-explorer.com\/sanjanje-wp\/2009\/04\/22\/pogoji-uporabe\/"},"modified":"2016-06-12T20:33:15","modified_gmt":"2016-06-12T19:33:15","slug":"pogoji-uporabe","status":"publish","type":"page","link":"https:\/\/dream-explorer.com\/sanjanje\/pogoji-uporabe\/","title":{"rendered":"Pogoji uporabe"},"content":{"rendered":"<p style=\"text-align: justify;\">Na tej strani so opisani pogoji uporabe spletne strani <strong>Umetnost Sanjanja<\/strong>.<\/p>\n<h5 style=\"text-align: justify;\"><strong>Namen<\/strong><\/h5>\n<p style=\"text-align: justify;\">Namen spletne strani <strong>Umetnost Sanjanja<\/strong> (v nadaljevanju spletne strani oziroma strani) je obiskovalcu nuditi \u0161irok nabor razli\u010dnih informacij o lucidnem sanjanju in predstaviti avtorjeve osebne izku\u0161nje z doseganjem lucidnosti in sanjanjem na splo\u0161no.<\/p>\n<h5 style=\"text-align: justify;\"><strong>Storitve in produkti<\/strong><\/h5>\n<p style=\"text-align: justify;\">Storitve in produkti, ki so na voljo v okviru spletne strani, so dostopni preko menija <strong><a title=\"Meni AKTIVNOSTI\" href=\"http:\/\/www.dream-explorer.com\/sanjanje\/shop\" target=\"_blank\">TRGOVINA<\/a><\/strong> v osnovnem meniju strani. Podrobnej\u0161e informacije o posamezni storitvi oziroma produktu so podane v opisu storitve oziroma produkta. Vsi produkti, ki so naprodaj preko spletne strani, so namenjeni izklju\u010dno raziskovanju in izobra\u017eevanju in ne zau\u017eitju. Vsaka druga uporaba je strogo prepovedana in je izklju\u010dno na lastno odgovornost.<\/p>\n<h5 style=\"text-align: justify;\">Sodelovanje z Amazon<\/h5>\n<p style=\"text-align: justify;\">Amazon od svojih ogla\u0161evalcev zahteva, da obvestijo svoje obiskovalce o vklju\u010denosti v njihove partnerske programe. Obve\u0161\u010dam vas torej, da je spletna stran Umetnost Sanjanja vklju\u010dena v Amazon Services LCC Associates Program, ki omogo\u010da provizijski zaslu\u017eek za ogla\u0161evanje in prodajo izdelkov iz Amazon.com na tej strani.<\/p>\n<h5 style=\"text-align: justify;\"><strong>Cene<\/strong><\/h5>\n<p style=\"text-align: justify;\">Vse cene na spletni strani so navedene v EUR (vklju\u010dno s cenami produktov iz Amazon-a, pri katerih je valuta dejansko USD in je EUR prikazan zgolj zaradi tehni\u010dne omejitve spletne trgovine) in se lahko spreminjajo brez predhodnega obvestila. Cene ne vklju\u010dujejo stro\u0161kov po\u0161iljanja in dostave, ki se pri\u0161tejejo h kupnini in jih krije kupec.<\/p>\n<h5 style=\"text-align: justify;\"><strong>Naro\u010danje<\/strong><\/h5>\n<p style=\"text-align: justify;\">Preko spletne strani lahko poleg priro\u010dnika <strong>Vrata Sanjanja<\/strong> in sanjskega dnevnika <strong>Dream eXplorer<\/strong> naro\u010dite tudi razli\u010dne tinkture ter nekatere rastline in prehranska dopolnila za sanjanje. Registracija za naro\u010dilo preko spletne strani Umetnost Sanjanja ni potrebna.<\/p>\n<p style=\"text-align: justify;\">Za naro\u010danje artiklov preko Amazon.com veljajo Amazon-ovi pogoji poslovanja.<\/p>\n<h5 style=\"text-align: justify;\"><strong>Pla\u010dilo<\/strong><\/h5>\n<p style=\"text-align: justify;\">Pla\u010dilo za nakupe in naro\u010dilo storitev preko spletne strani je trenutno mo\u017eno<\/p>\n<ul style=\"text-align: justify;\">\n<li>z direktnim nakazilom na PayPal (ime PayPal ra\u010duna prejmete po oddaji naro\u010dila),<\/li>\n<li>po povzetju (priporo\u010deno).<\/li>\n<\/ul>\n<p style=\"text-align: justify;\">Za naro\u010dilo artiklov preko Amazon.com veljajo Amazon-ovi pla\u010dilni pogoji.<\/p>\n<h5 style=\"text-align: justify;\"><strong>Po\u0161iljanje<\/strong><\/h5>\n<p style=\"text-align: justify;\">Artikli se po\u0161iljajo preko Po\u0161te Slovenije. Za naro\u010dila do vklju\u010dno 40 \u20ac se stro\u0161ke pakiranja in po\u0161iljanja po ceniku po\u0161te pri\u0161teje h kupnini, za naro\u010dila nad 40 \u20ac je po\u0161tnina brezpla\u010dna.<\/p>\n<p style=\"text-align: justify;\">Za po\u0161iljanje artiklov, naro\u010denih preko Amazon.com, veljajo Amazon-ovi pogoji poslovanja.<\/p>\n<h5 style=\"text-align: justify;\">Starostna omejitev<\/h5>\n<p style=\"text-align: justify;\">Nakupe preko spletne strani lahko opravijo izklju\u010dno polnoletne osebe. V primeru suma, da je kupec mladoletna oseba, se lahko nakup zavrne.<\/p>\n<h5 style=\"text-align: justify;\"><strong>Omejitev odgovornosti<\/strong><\/h5>\n<p style=\"text-align: justify;\">Namen spletne strani je posredovanje \u0161irokega nabora informacij na temo lucidnega sanjanja. Avtor si prizadeva, da bi zagotovil to\u010dnost in pravilnost podatkov, zbranih na teh straneh, kljub temu pa ni mogo\u010de zagotoviti popolne pravilnosti ter odsotnosti pravopisnih in vsebinskih napak. Avtor ni odgovoren za morebitne napake in posledice, ki bi izhajale iz le-teh.<\/p>\n<p style=\"text-align: justify;\">Namen spletne strani ali avtorja ni diagnosticiranje, odpravljanje ali prepre\u010devanje zdravstvenih in\/ali psiholo\u0161kih te\u017eav. \u010ceprav so na spletni strani opisane tudi osebne izku\u0161nje avtorja z uporabo razli\u010dnih rastlin in prehranskih dopolnil, pa to na noben na\u010din ni namenjeno napeljevanju drugih k uporabi le-teh. Vsaka uporaba tehnik, postopkov in\/ali prehranskih dopolnil je izklju\u010dno na lastno odgovornost.<\/p>\n<p style=\"text-align: justify;\"><strong>INFORMACIJE NA SPLETNI STRANI SO PODANE \u201cKOT-SO\u201d. AVTOR NE PREVZEMA NOBENE ODGOVORNOSTI ZA FIZI\u010cNE ALI PRAVNE OSEBE, POVEZANIH Z MOREBITNIMI IZGUBAMI ALI \u0160KODO, POSREDNO ALI NEPOSREDNO POVEZANO Z UPORABO INFORMACIJ NA TEJ STRANI. INFORMACIJE NE NUDIJO NIKAKR\u0160NIH ZAGOTOVIL, POVEDANIH ALI NAKAZANIH. <\/strong><\/p>\n<p style=\"text-align: justify;\">Na spletni strani so (lahko tudi) povezave na zunanje spletne strani, nad katerimi ni nadzora nad vsebino in\/ali dostopnostjo teh strani. Vsebnost povezav ne predstavlja priporo\u010dila za obisk ali ogled.<\/p>\n<p style=\"text-align: justify;\">Po najbolj\u0161ih mo\u010deh posku\u0161amo zagotoviti dostopnost in normalno delovanje spletne strani. Ne prevzemamo pa odgovornosti za za\u010dasno nedostopnost, vezano na tehni\u010dne te\u017eave, nastale izven na\u0161ega dosega.<\/p>\n<p style=\"text-align: justify;\">\u010ce se s temi pogoji ne strinjate, spletne strani ne uporabljajte.<\/p>\n<p style=\"text-align: justify;\"><strong>Zadnja posodobitev:<\/strong> 12. 06. 2016<\/p>\n","protected":false},"excerpt":{"rendered":"<p>Na tej strani so opisani pogoji uporabe spletne strani Umetnost Sanjanja. Namen Namen spletne strani Umetnost Sanjanja (v nadaljevanju spletne strani oziroma strani) je obiskovalcu nuditi \u0161irok nabor razli\u010dnih informacij o lucidnem sanjanju in predstaviti avtorjeve osebne izku\u0161nje z doseganjem&#8230;<br \/><a class=\"read-more-button\" href=\"https:\/\/dream-explorer.com\/sanjanje\/pogoji-uporabe\/\">Read more<\/a><\/p>\n","protected":false},"author":1,"featured_media":0,"parent":0,"menu_order":1,"comment_status":"closed","ping_status":"closed","template":"","meta":{"_mi_skip_tracking":false,"_monsterinsights_sitenote_active":false,"_monsterinsights_sitenote_note":"","_monsterinsights_sitenote_category":0,"footnotes":""},"class_list":["post-113","page","type-page","status-publish","hentry"],"yoast_head":"<!-- This site is optimized with the Yoast SEO plugin v21.1 - https:\/\/yoast.com\/wordpress\/plugins\/seo\/ -->\n<title>Pogoji uporabe - Umetnost Sanjanja<\/title>\n<meta name=\"description\" content=\"Na tej strani so opisani pogoji uporabe spletne strani Umetnost Sanjanja.\" \/>\n<meta name=\"robots\" content=\"index, follow, max-snippet:-1, max-image-preview:large, max-video-preview:-1\" \/>\n<meta property=\"og:locale\" content=\"en_US\" \/>\n<meta property=\"og:type\" content=\"article\" \/>\n<meta property=\"og:title\" content=\"Pogoji uporabe - Umetnost Sanjanja\" \/>\n<meta property=\"og:description\" content=\"Na tej strani so opisani pogoji uporabe spletne strani Umetnost Sanjanja.\" \/>\n<meta property=\"og:url\" content=\"https:\/\/dream-explorer.com\/sanjanje\/pogoji-uporabe\/\" \/>\n<meta property=\"og:site_name\" content=\"Umetnost Sanjanja\" \/>\n<meta property=\"article:publisher\" content=\"https:\/\/www.facebook.com\/UmetnostSanjanja\/\" \/>\n<meta property=\"article:modified_time\" content=\"2016-06-12T19:33:15+00:00\" \/>\n<meta name=\"twitter:card\" content=\"summary_large_image\" \/>\n<meta name=\"twitter:label1\" content=\"Est. reading time\" \/>\n\t<meta name=\"twitter:data1\" content=\"3 minutes\" \/>\n<script type=\"application\/ld+json\" class=\"yoast-schema-graph\">{\"@context\":\"https:\/\/schema.org\",\"@graph\":[{\"@type\":\"WebPage\",\"@id\":\"https:\/\/dream-explorer.com\/sanjanje\/pogoji-uporabe\/\",\"url\":\"https:\/\/dream-explorer.com\/sanjanje\/pogoji-uporabe\/\",\"name\":\"Pogoji uporabe - Umetnost Sanjanja\",\"isPartOf\":{\"@id\":\"https:\/\/dream-explorer.com\/sanjanje\/#website\"},\"datePublished\":\"2009-04-22T15:34:08+00:00\",\"dateModified\":\"2016-06-12T19:33:15+00:00\",\"description\":\"Na tej strani so opisani pogoji uporabe spletne strani Umetnost Sanjanja.\",\"breadcrumb\":{\"@id\":\"https:\/\/dream-explorer.com\/sanjanje\/pogoji-uporabe\/#breadcrumb\"},\"inLanguage\":\"en-US\",\"potentialAction\":[{\"@type\":\"ReadAction\",\"target\":[\"https:\/\/dream-explorer.com\/sanjanje\/pogoji-uporabe\/\"]}]},{\"@type\":\"BreadcrumbList\",\"@id\":\"https:\/\/dream-explorer.com\/sanjanje\/pogoji-uporabe\/#breadcrumb\",\"itemListElement\":[{\"@type\":\"ListItem\",\"position\":1,\"name\":\"Home\",\"item\":\"https:\/\/dream-explorer.com\/sanjanje\/\"},{\"@type\":\"ListItem\",\"position\":2,\"name\":\"Pogoji uporabe\"}]},{\"@type\":\"WebSite\",\"@id\":\"https:\/\/dream-explorer.com\/sanjanje\/#website\",\"url\":\"https:\/\/dream-explorer.com\/sanjanje\/\",\"name\":\"Umetnost Sanjanja\",\"description\":\"Umetnost Sanjanja - Zavestno sanjanje - Od pasivnega opazovalca do aktivnega raziskovalca\",\"potentialAction\":[{\"@type\":\"SearchAction\",\"target\":{\"@type\":\"EntryPoint\",\"urlTemplate\":\"https:\/\/dream-explorer.com\/sanjanje\/?s={search_term_string}\"},\"query-input\":\"required name=search_term_string\"}],\"inLanguage\":\"en-US\"}]}<\/script>\n<!-- \/ Yoast SEO plugin. -->","yoast_head_json":{"title":"Pogoji uporabe - Umetnost Sanjanja","description":"Na tej strani so opisani pogoji uporabe spletne strani Umetnost Sanjanja.","robots":{"index":"index","follow":"follow","max-snippet":"max-snippet:-1","max-image-preview":"max-image-preview:large","max-video-preview":"max-video-preview:-1"},"og_locale":"en_US","og_type":"article","og_title":"Pogoji uporabe - Umetnost Sanjanja","og_description":"Na tej strani so opisani pogoji uporabe spletne strani Umetnost Sanjanja.","og_url":"https:\/\/dream-explorer.com\/sanjanje\/pogoji-uporabe\/","og_site_name":"Umetnost Sanjanja","article_publisher":"https:\/\/www.facebook.com\/UmetnostSanjanja\/","article_modified_time":"2016-06-12T19:33:15+00:00","twitter_card":"summary_large_image","twitter_misc":{"Est. reading time":"3 minutes"},"schema":{"@context":"https:\/\/schema.org","@graph":[{"@type":"WebPage","@id":"https:\/\/dream-explorer.com\/sanjanje\/pogoji-uporabe\/","url":"https:\/\/dream-explorer.com\/sanjanje\/pogoji-uporabe\/","name":"Pogoji uporabe - Umetnost Sanjanja","isPartOf":{"@id":"https:\/\/dream-explorer.com\/sanjanje\/#website"},"datePublished":"2009-04-22T15:34:08+00:00","dateModified":"2016-06-12T19:33:15+00:00","description":"Na tej strani so opisani pogoji uporabe spletne strani Umetnost Sanjanja.","breadcrumb":{"@id":"https:\/\/dream-explorer.com\/sanjanje\/pogoji-uporabe\/#breadcrumb"},"inLanguage":"en-US","potentialAction":[{"@type":"ReadAction","target":["https:\/\/dream-explorer.com\/sanjanje\/pogoji-uporabe\/"]}]},{"@type":"BreadcrumbList","@id":"https:\/\/dream-explorer.com\/sanjanje\/pogoji-uporabe\/#breadcrumb","itemListElement":[{"@type":"ListItem","position":1,"name":"Home","item":"https:\/\/dream-explorer.com\/sanjanje\/"},{"@type":"ListItem","position":2,"name":"Pogoji uporabe"}]},{"@type":"WebSite","@id":"https:\/\/dream-explorer.com\/sanjanje\/#website","url":"https:\/\/dream-explorer.com\/sanjanje\/","name":"Umetnost Sanjanja","description":"Umetnost Sanjanja - Zavestno sanjanje - Od pasivnega opazovalca do aktivnega raziskovalca","potentialAction":[{"@type":"SearchAction","target":{"@type":"EntryPoint","urlTemplate":"https:\/\/dream-explorer.com\/sanjanje\/?s={search_term_string}"},"query-input":"required name=search_term_string"}],"inLanguage":"en-US"}]}},"_links":{"self":[{"href":"https:\/\/dream-explorer.com\/sanjanje\/wp-json\/wp\/v2\/pages\/113","targetHints":{"allow":["GET"]}}],"collection":[{"href":"https:\/\/dream-explorer.com\/sanjanje\/wp-json\/wp\/v2\/pages"}],"about":[{"href":"https:\/\/dream-explorer.com\/sanjanje\/wp-json\/wp\/v2\/types\/page"}],"author":[{"embeddable":true,"href":"https:\/\/dream-explorer.com\/sanjanje\/wp-json\/wp\/v2\/users\/1"}],"replies":[{"embeddable":true,"href":"https:\/\/dream-explorer.com\/sanjanje\/wp-json\/wp\/v2\/comments?post=113"}],"version-history":[{"count":0,"href":"https:\/\/dream-explorer.com\/sanjanje\/wp-json\/wp\/v2\/pages\/113\/revisions"}],"wp:attachment":[{"href":"https:\/\/dream-explorer.com\/sanjanje\/wp-json\/wp\/v2\/media?parent=113"}],"curies":[{"name":"wp","href":"https:\/\/api.w.org\/{rel}","templated":true}]}}