{"id":84,"date":"2009-01-01T15:55:14","date_gmt":"2009-01-01T14:55:14","guid":{"rendered":"http:\/\/dream-explorer.com\/sanjanje-wp\/2009\/01\/01\/cookies\/"},"modified":"2016-06-12T20:41:03","modified_gmt":"2016-06-12T19:41:03","slug":"spletni-piskotki","status":"publish","type":"page","link":"https:\/\/dream-explorer.com\/sanjanje\/spletni-piskotki\/","title":{"rendered":"Spletni pi\u0161kotki"},"content":{"rendered":"<p style=\"text-align: justify;\">Spremenjeni Zakon o elektronskih komunikacijah (Uradni list \u0161t. 109\/2012; v nadaljevanju ZEKom-1), ki je za\u010del veljati v za\u010detku leta 2013, je prinesel nova pravila glede tega, kako se spletni pi\u0161kotki in podobne tehnologije uporabljajo za shranjevanje informacij ali dostop do informacij, shranjenih na ra\u010dunalniku ali mobilni napravi uporabnika.<\/p>\n<h5 style=\"text-align: justify;\">1. O pi\u0161kotkih<\/h5>\n<p style=\"text-align: justify;\">Pi\u0161kotki <strong>niso ni\u010d novega<\/strong>, vsi obiskovalci spletnih strani imamo na svojih ra\u010dunalnikih, tablicah in mobitelih shranjenih \u017ee veliko pi\u0161kotkov iz razli\u010dnih spletnih strani. Novo je zgolj to, da z novo zakonodajo (ZEKom-1) prihaja do sprememb glede obve\u0161\u010danja oziroma sogla\u0161anja obiskovalcev z njihovo uporabo.<\/p>\n<h5 style=\"text-align: justify;\">2. Kaj so pi\u0161kotki?<\/h5>\n<p style=\"text-align: justify;\">So male besedilne datoteke, ki jih ve\u010dina spletnih mest shrani v naprave, s katerimi uporabniki dostopajo do interneta z namenom prepoznavanja posameznih naprav, ki so jih uporabniki uporabili pri dostopu. Njihovo shranjevanje je pod popolnim nadzorom brskalnika, ki ga ima uporabnik &#8211; ta lahko <strong>shranjevanje pi\u0161kotkov po \u017eelji omeji ali onemogo\u010di<\/strong>. Pi\u0161kotki <strong>niso \u0161kodljivi <\/strong>in <strong>so vedno \u010dasovno omejeni<\/strong>.<\/p>\n<p style=\"text-align: justify;\">Ve\u010d informacij o pi\u0161kotkih je na voljo <a href=\"http:\/\/www.aboutcookies.org\">preko povezave<\/a>.<\/p>\n<h5 style=\"text-align: justify;\">3. Zakaj so pi\u0161kotki potrebni?<\/h5>\n<p style=\"text-align: justify;\">So temeljnega pomena <strong>za zagotavljanje uporabniku prijaznih spletnih storitev<\/strong>. Interakcija med spletnim uporabnikom in spletnim mestom je s pomo\u010djo pi\u0161kotkov hitrej\u0161a in enostavnej\u0161a. Z njihovo pomo\u010djo si spletno mesto zapomni posameznikove preference in izku\u0161nje. S tem je prihranjen \u010das, brskanje po spletnih mestih pa bolj u\u010dinkovito in prijazno.<\/p>\n<p style=\"text-align: justify;\">Nekaj konkretnih primerov uporabe pi\u0161kotkov:<\/p>\n<ul style=\"text-align: justify;\">\n<li>za bolj\u0161o uporabni\u0161ko izku\u0161njo spletne strani<\/li>\n<li>za shranjevanje izbire pri ustvarjanju o\u017ejega izbora naprav in ponudbe ter njihove primerjave<\/li>\n<li>na delih spletnih mestih, kjer je potrebna prijava<\/li>\n<li>za prepoznavanje va\u0161e naprave (ra\u010dunalnik, tablica, mobitel), ki omogo\u010da prilagajanje prikaza vsebine va\u0161i napravi<\/li>\n<li>za spremljanje obiska,<\/li>\n<li>za delovanje dolo\u010denih storitev so nujni (npr. spletne banke, spletne trgovine in druge oblike e-poslovanja, \u2026)<\/li>\n<\/ul>\n<h5 style=\"text-align: justify;\">4. Onemogo\u010danje pi\u0161kotkov<\/h5>\n<p style=\"text-align: justify;\">\u010ce \u017eelite onemogo\u010diti shranjevanje pi\u0161kotkov na va\u0161i napravi, izberite spletni brskalnik, ki ga uporabljate in sledite korakom, opisanim v nadaljevanju.<\/p>\n<p style=\"text-align: justify;\"><div class=\"su-accordion su-u-trim\"><div class=\"su-spoiler su-spoiler-style-fancy su-spoiler-icon-plus su-spoiler-closed\" data-scroll-offset=\"0\" data-anchor-in-url=\"no\"><div class=\"su-spoiler-title\" tabindex=\"0\" role=\"button\"><span class=\"su-spoiler-icon\"><\/span>Google Chrome<\/div><div class=\"su-spoiler-content su-u-clearfix su-u-trim\">\n<p style=\"text-align: justify;\">1. Kliknite \u00bbOrodja\u00ab na vrhu va\u0161ega brskalnika in izberite \u00bbNastavitve\u00ab.<\/p>\n<p style=\"text-align: justify;\">2. Kliknite \u00bbPrika\u017ei dodatne nastavitve\u00ab, se pomaknite do razdelka \u00bbZasebnost\u00ab in kliknite gumb \u00bbNastavitve vsebine\u00ab.<\/p>\n<p style=\"text-align: justify;\">3. Izberite \u00bbDovoli nastavljanje lokalnih podatkov\u00ab. <\/div><\/div>\n<div class=\"su-spoiler su-spoiler-style-fancy su-spoiler-icon-plus su-spoiler-closed\" data-scroll-offset=\"0\" data-anchor-in-url=\"no\"><div class=\"su-spoiler-title\" tabindex=\"0\" role=\"button\"><span class=\"su-spoiler-icon\"><\/span>Microsoft Internet Explorer 6.0, 7.0, 8.0, 9.0<\/div><div class=\"su-spoiler-content su-u-clearfix su-u-trim\">\n<p style=\"text-align: justify;\">1. Kliknite \u00bbOrodja\u00ab na vrhu va\u0161ega brskalnika in izberite \u00bbInternetne mo\u017enosti\u00ab, nato kliknite zavihek \u00bbZasebnost\u00ab.<\/p>\n<p style=\"text-align: justify;\">2. Preverite, da je raven va\u0161e zasebnosti nastavljena na srednjo ali manj, kar bo omogo\u010dilo uporabo pi\u0161kotkov v va\u0161em brskalniku.<\/p>\n<p style=\"text-align: justify;\">3. Nastavitev nad srednjo ravnijo bo onemogo\u010dila uporabo pi\u0161kotkov. <\/div><\/div>\n<p style=\"text-align: justify;\"><div class=\"su-spoiler su-spoiler-style-fancy su-spoiler-icon-plus su-spoiler-closed\" data-scroll-offset=\"0\" data-anchor-in-url=\"no\"><div class=\"su-spoiler-title\" tabindex=\"0\" role=\"button\"><span class=\"su-spoiler-icon\"><\/span>Mozilla Firefox<\/div><div class=\"su-spoiler-content su-u-clearfix su-u-trim\">\n<p style=\"text-align: justify;\">1. Kliknite \u00bbOrodja\u00ab na vrhu va\u0161ega brskalnika in izberite \u00bbMo\u017enosti\u00ab.<\/p>\n<p style=\"text-align: justify;\">2. Nato izberite ikono \u00bbZasebnost\u00ab.<\/p>\n<p style=\"text-align: justify;\">3. Kliknite \u00bbPi\u0161kotki\u00ab in izberite mo\u017enost \u00bbDovoli stranem, da ustvarijo pi\u0161kote\u00ab. <\/div><\/div>\n<p style=\"text-align: justify;\"><div class=\"su-spoiler su-spoiler-style-fancy su-spoiler-icon-plus su-spoiler-closed\" data-scroll-offset=\"0\" data-anchor-in-url=\"no\"><div class=\"su-spoiler-title\" tabindex=\"0\" role=\"button\"><span class=\"su-spoiler-icon\"><\/span>Safari<\/div><div class=\"su-spoiler-content su-u-clearfix su-u-trim\">\n<p style=\"text-align: justify;\">1. Kliknite ikono zobnika na vrhu va\u0161ega brskalnika in izberite mo\u017enost \u00bbNastavitve\u00ab.<\/p>\n<p style=\"text-align: justify;\">2. Kliknite \u00bbZasebnost\u00ab, nato ozna\u010dite mo\u017enost \u00bbOnemogo\u010di uporabo pi\u0161kotkov tretjih oseb in ogla\u0161evalnih pi\u0161kotkov\u00ab.<\/p>\n<p style=\"text-align: justify;\">3. Kliknite \u00bbShrani\u00ab. <\/div><\/div><\/div>\n<p style=\"text-align: justify;\"><strong>Kako upravljati pi\u0161kotke na ra\u010dunalniku Mac<\/strong><\/p>\n<p style=\"text-align: justify;\">\u010ce \u017eelite omogo\u010diti pi\u0161kotke na\u0161e spletne strani, sledite spodnjim korakom.<\/p>\n<p style=\"text-align: justify;\"><div class=\"su-accordion su-u-trim\"><div class=\"su-spoiler su-spoiler-style-fancy su-spoiler-icon-plus su-spoiler-closed\" data-scroll-offset=\"0\" data-anchor-in-url=\"no\"><div class=\"su-spoiler-title\" tabindex=\"0\" role=\"button\"><span class=\"su-spoiler-icon\"><\/span>Microsoft Internet Explorer 5.0 na OSX<\/div><div class=\"su-spoiler-content su-u-clearfix su-u-trim\">\n<p style=\"text-align: justify;\">1. Kliknite \u00bbExplorer\u00ab na vrhu va\u0161ega brskalnika in izberite mo\u017enost \u00bbNastavitve\u00ab.<\/p>\n<p style=\"text-align: justify;\">2. Pomaknite se navzdol do \u00bbPi\u0161kotki\u00ab v razdelku \u00bbPrejete datoteke\u00ab.<\/p>\n<p style=\"text-align: justify;\">3. Izberite mo\u017enost \u00bbNikoli ne vpra\u0161aj\u00ab. <\/div><\/div>\n<p style=\"text-align: justify;\"><div class=\"su-spoiler su-spoiler-style-fancy su-spoiler-icon-plus su-spoiler-closed\" data-scroll-offset=\"0\" data-anchor-in-url=\"no\"><div class=\"su-spoiler-title\" tabindex=\"0\" role=\"button\"><span class=\"su-spoiler-icon\"><\/span>Safari na OSX<\/div><div class=\"su-spoiler-content su-u-clearfix su-u-trim\">\n<p style=\"text-align: justify;\">1. Kliknite \u00bbSafari\u00ab na vrhu va\u0161ega brskalnika in izberite mo\u017enost \u00bbNastavitve\u00ab.<\/p>\n<p style=\"text-align: justify;\">2. Kliknite \u00bbZasebnost\u00ab in nato \u00bbOmogo\u010di uporabo pi\u0161kotkov\u00ab.<\/p>\n<p style=\"text-align: justify;\">3. Izberite \u00bbSamo na obiskanih straneh\u00ab. <\/div><\/div>\n<p style=\"text-align: justify;\"><div class=\"su-spoiler su-spoiler-style-fancy su-spoiler-icon-plus su-spoiler-closed\" data-scroll-offset=\"0\" data-anchor-in-url=\"no\"><div class=\"su-spoiler-title\" tabindex=\"0\" role=\"button\"><span class=\"su-spoiler-icon\"><\/span>Mozilla in Netscape na OSX<\/div><div class=\"su-spoiler-content su-u-clearfix su-u-trim\">\n<p style=\"text-align: justify;\">1. Kliknite \u00bbMozilla\u00ab ali \u00bbNetscape\u00ab na vrhu va\u0161ega brskalnika in izberite mo\u017enost \u00bbNastavitve\u00ab.<\/p>\n<p style=\"text-align: justify;\">2. Pomaknite se navzdol do \u00bbPi\u0161kotki\u00ab v razdelku \u00bbZasebnost in varnost\u00ab.<\/p>\n<p style=\"text-align: justify;\">3. Izberite \u00bbDovoli pi\u0161kotke samo za izvorno spletno stran\u00ab. <\/div><\/div>\n<p style=\"text-align: justify;\"><div class=\"su-spoiler su-spoiler-style-fancy su-spoiler-icon-plus su-spoiler-closed\" data-scroll-offset=\"0\" data-anchor-in-url=\"no\"><div class=\"su-spoiler-title\" tabindex=\"0\" role=\"button\"><span class=\"su-spoiler-icon\"><\/span>Opera na OSX<\/div><div class=\"su-spoiler-content su-u-clearfix su-u-trim\">\n<p style=\"text-align: justify;\">1. Kliknite \u00bbMeni\u00ab na vrhu va\u0161ega brskalnika in izberite \u00bbNastavitve\u00ab.<\/p>\n<p style=\"text-align: justify;\">2. Nato izberite \u00bbMo\u017enosti\u00ab in zavihek \u00bbNapredno\u00ab.<\/p>\n<p style=\"text-align: justify;\">3. Izberite mo\u017enost \u00bbOmogo\u010di uporabo pi\u0161kotkov\u00ab. <\/div><\/div><\/div>\n","protected":false},"excerpt":{"rendered":"<p>Spremenjeni Zakon o elektronskih komunikacijah (Uradni list \u0161t. 109\/2012; v nadaljevanju ZEKom-1), ki je za\u010del veljati v za\u010detku leta 2013, je prinesel nova pravila glede tega, kako se spletni pi\u0161kotki in podobne tehnologije uporabljajo za shranjevanje informacij ali dostop do&#8230;<br \/><a class=\"read-more-button\" href=\"https:\/\/dream-explorer.com\/sanjanje\/spletni-piskotki\/\">Read more<\/a><\/p>\n","protected":false},"author":1,"featured_media":0,"parent":0,"menu_order":2,"comment_status":"closed","ping_status":"closed","template":"","meta":{"_mi_skip_tracking":false,"_monsterinsights_sitenote_active":false,"_monsterinsights_sitenote_note":"","_monsterinsights_sitenote_category":0,"footnotes":""},"class_list":["post-84","page","type-page","status-publish","hentry"],"yoast_head":"<!-- This site is optimized with the Yoast SEO plugin v21.1 - https:\/\/yoast.com\/wordpress\/plugins\/seo\/ -->\n<title>Spletni pi\u0161kotki - Umetnost Sanjanja<\/title>\n<meta name=\"robots\" content=\"index, follow, max-snippet:-1, max-image-preview:large, max-video-preview:-1\" \/>\n<meta property=\"og:locale\" content=\"en_US\" \/>\n<meta property=\"og:type\" content=\"article\" \/>\n<meta property=\"og:title\" content=\"Spletni pi\u0161kotki - Umetnost Sanjanja\" \/>\n<meta property=\"og:description\" content=\"Spremenjeni Zakon o elektronskih komunikacijah (Uradni list \u0161t. 109\/2012; v nadaljevanju ZEKom-1), ki je za\u010del veljati v za\u010detku leta 2013, je prinesel nova pravila glede tega, kako se spletni pi\u0161kotki in podobne tehnologije uporabljajo za shranjevanje informacij ali dostop do...Read more\" \/>\n<meta property=\"og:url\" content=\"https:\/\/dream-explorer.com\/sanjanje\/spletni-piskotki\/\" \/>\n<meta property=\"og:site_name\" content=\"Umetnost Sanjanja\" \/>\n<meta property=\"article:publisher\" content=\"https:\/\/www.facebook.com\/UmetnostSanjanja\/\" \/>\n<meta property=\"article:modified_time\" content=\"2016-06-12T19:41:03+00:00\" \/>\n<meta name=\"twitter:card\" content=\"summary_large_image\" \/>\n<meta name=\"twitter:label1\" content=\"Est. reading time\" \/>\n\t<meta name=\"twitter:data1\" content=\"4 minutes\" \/>\n<script type=\"application\/ld+json\" class=\"yoast-schema-graph\">{\"@context\":\"https:\/\/schema.org\",\"@graph\":[{\"@type\":\"WebPage\",\"@id\":\"https:\/\/dream-explorer.com\/sanjanje\/spletni-piskotki\/\",\"url\":\"https:\/\/dream-explorer.com\/sanjanje\/spletni-piskotki\/\",\"name\":\"Spletni pi\u0161kotki - Umetnost Sanjanja\",\"isPartOf\":{\"@id\":\"https:\/\/dream-explorer.com\/sanjanje\/#website\"},\"datePublished\":\"2009-01-01T14:55:14+00:00\",\"dateModified\":\"2016-06-12T19:41:03+00:00\",\"breadcrumb\":{\"@id\":\"https:\/\/dream-explorer.com\/sanjanje\/spletni-piskotki\/#breadcrumb\"},\"inLanguage\":\"en-US\",\"potentialAction\":[{\"@type\":\"ReadAction\",\"target\":[\"https:\/\/dream-explorer.com\/sanjanje\/spletni-piskotki\/\"]}]},{\"@type\":\"BreadcrumbList\",\"@id\":\"https:\/\/dream-explorer.com\/sanjanje\/spletni-piskotki\/#breadcrumb\",\"itemListElement\":[{\"@type\":\"ListItem\",\"position\":1,\"name\":\"Home\",\"item\":\"https:\/\/dream-explorer.com\/sanjanje\/\"},{\"@type\":\"ListItem\",\"position\":2,\"name\":\"Spletni pi\u0161kotki\"}]},{\"@type\":\"WebSite\",\"@id\":\"https:\/\/dream-explorer.com\/sanjanje\/#website\",\"url\":\"https:\/\/dream-explorer.com\/sanjanje\/\",\"name\":\"Umetnost Sanjanja\",\"description\":\"Umetnost Sanjanja - Zavestno sanjanje - Od pasivnega opazovalca do aktivnega raziskovalca\",\"potentialAction\":[{\"@type\":\"SearchAction\",\"target\":{\"@type\":\"EntryPoint\",\"urlTemplate\":\"https:\/\/dream-explorer.com\/sanjanje\/?s={search_term_string}\"},\"query-input\":\"required name=search_term_string\"}],\"inLanguage\":\"en-US\"}]}<\/script>\n<!-- \/ Yoast SEO plugin. -->","yoast_head_json":{"title":"Spletni pi\u0161kotki - Umetnost Sanjanja","robots":{"index":"index","follow":"follow","max-snippet":"max-snippet:-1","max-image-preview":"max-image-preview:large","max-video-preview":"max-video-preview:-1"},"og_locale":"en_US","og_type":"article","og_title":"Spletni pi\u0161kotki - Umetnost Sanjanja","og_description":"Spremenjeni Zakon o elektronskih komunikacijah (Uradni list \u0161t. 109\/2012; v nadaljevanju ZEKom-1), ki je za\u010del veljati v za\u010detku leta 2013, je prinesel nova pravila glede tega, kako se spletni pi\u0161kotki in podobne tehnologije uporabljajo za shranjevanje informacij ali dostop do...Read more","og_url":"https:\/\/dream-explorer.com\/sanjanje\/spletni-piskotki\/","og_site_name":"Umetnost Sanjanja","article_publisher":"https:\/\/www.facebook.com\/UmetnostSanjanja\/","article_modified_time":"2016-06-12T19:41:03+00:00","twitter_card":"summary_large_image","twitter_misc":{"Est. reading time":"4 minutes"},"schema":{"@context":"https:\/\/schema.org","@graph":[{"@type":"WebPage","@id":"https:\/\/dream-explorer.com\/sanjanje\/spletni-piskotki\/","url":"https:\/\/dream-explorer.com\/sanjanje\/spletni-piskotki\/","name":"Spletni pi\u0161kotki - Umetnost Sanjanja","isPartOf":{"@id":"https:\/\/dream-explorer.com\/sanjanje\/#website"},"datePublished":"2009-01-01T14:55:14+00:00","dateModified":"2016-06-12T19:41:03+00:00","breadcrumb":{"@id":"https:\/\/dream-explorer.com\/sanjanje\/spletni-piskotki\/#breadcrumb"},"inLanguage":"en-US","potentialAction":[{"@type":"ReadAction","target":["https:\/\/dream-explorer.com\/sanjanje\/spletni-piskotki\/"]}]},{"@type":"BreadcrumbList","@id":"https:\/\/dream-explorer.com\/sanjanje\/spletni-piskotki\/#breadcrumb","itemListElement":[{"@type":"ListItem","position":1,"name":"Home","item":"https:\/\/dream-explorer.com\/sanjanje\/"},{"@type":"ListItem","position":2,"name":"Spletni pi\u0161kotki"}]},{"@type":"WebSite","@id":"https:\/\/dream-explorer.com\/sanjanje\/#website","url":"https:\/\/dream-explorer.com\/sanjanje\/","name":"Umetnost Sanjanja","description":"Umetnost Sanjanja - Zavestno sanjanje - Od pasivnega opazovalca do aktivnega raziskovalca","potentialAction":[{"@type":"SearchAction","target":{"@type":"EntryPoint","urlTemplate":"https:\/\/dream-explorer.com\/sanjanje\/?s={search_term_string}"},"query-input":"required name=search_term_string"}],"inLanguage":"en-US"}]}},"_links":{"self":[{"href":"https:\/\/dream-explorer.com\/sanjanje\/wp-json\/wp\/v2\/pages\/84","targetHints":{"allow":["GET"]}}],"collection":[{"href":"https:\/\/dream-explorer.com\/sanjanje\/wp-json\/wp\/v2\/pages"}],"about":[{"href":"https:\/\/dream-explorer.com\/sanjanje\/wp-json\/wp\/v2\/types\/page"}],"author":[{"embeddable":true,"href":"https:\/\/dream-explorer.com\/sanjanje\/wp-json\/wp\/v2\/users\/1"}],"replies":[{"embeddable":true,"href":"https:\/\/dream-explorer.com\/sanjanje\/wp-json\/wp\/v2\/comments?post=84"}],"version-history":[{"count":0,"href":"https:\/\/dream-explorer.com\/sanjanje\/wp-json\/wp\/v2\/pages\/84\/revisions"}],"wp:attachment":[{"href":"https:\/\/dream-explorer.com\/sanjanje\/wp-json\/wp\/v2\/media?parent=84"}],"curies":[{"name":"wp","href":"https:\/\/api.w.org\/{rel}","templated":true}]}}